{"id":3574,"date":"2024-07-31T10:07:38","date_gmt":"2024-07-31T08:07:38","guid":{"rendered":"https:\/\/zustambrosetti.com\/?page_id=3574"},"modified":"2024-07-31T15:46:59","modified_gmt":"2024-07-31T13:46:59","slug":"sostenibilita-report-esg","status":"publish","type":"page","link":"https:\/\/zustambrosetti.com\/en\/sostenibilita-report-esg\/","title":{"rendered":"Sostenibilit\u00e0 &#8211; Report ESG"},"content":{"rendered":"<div data-elementor-type=\"wp-page\" data-elementor-id=\"3574\" class=\"elementor elementor-3574\" data-elementor-post-type=\"page\">\n\t\t\t\t\t\t<section class=\"elementor-section elementor-top-section elementor-element elementor-element-70baf87 elementor-section-full_width elementor-section-height-default elementor-section-height-default\" data-id=\"70baf87\" data-element_type=\"section\" data-e-type=\"section\">\n\t\t\t\t\t\t<div class=\"elementor-container elementor-column-gap-default\">\n\t\t\t\t\t<div class=\"elementor-column elementor-col-50 elementor-top-column elementor-element elementor-element-5c7fd0a\" data-id=\"5c7fd0a\" data-element_type=\"column\" data-e-type=\"column\">\n\t\t\t<div class=\"elementor-widget-wrap elementor-element-populated\">\n\t\t\t\t\t\t<div class=\"elementor-element elementor-element-12d4e47 elementor-widget elementor-widget-image\" data-id=\"12d4e47\" data-element_type=\"widget\" data-e-type=\"widget\" data-widget_type=\"image.default\">\n\t\t\t\t<div class=\"elementor-widget-container\">\n\t\t\t\t\t\t\t\t\t\t\t\t\t\t\t<img fetchpriority=\"high\" decoding=\"async\" width=\"960\" height=\"1090\" src=\"https:\/\/zustambrosetti.com\/wp-content\/uploads\/2024\/07\/ReportESG.jpg\" class=\"attachment-full size-full wp-image-3576\" alt=\"\" srcset=\"https:\/\/zustambrosetti.com\/wp-content\/uploads\/2024\/07\/ReportESG.jpg 960w, https:\/\/zustambrosetti.com\/wp-content\/uploads\/2024\/07\/ReportESG-264x300.jpg 264w, https:\/\/zustambrosetti.com\/wp-content\/uploads\/2024\/07\/ReportESG-902x1024.jpg 902w, https:\/\/zustambrosetti.com\/wp-content\/uploads\/2024\/07\/ReportESG-768x872.jpg 768w, https:\/\/zustambrosetti.com\/wp-content\/uploads\/2024\/07\/ReportESG-11x12.jpg 11w\" sizes=\"(max-width: 960px) 100vw, 960px\" \/>\t\t\t\t\t\t\t\t\t\t\t\t\t\t\t<\/div>\n\t\t\t\t<\/div>\n\t\t\t\t\t<\/div>\n\t\t<\/div>\n\t\t\t\t<div class=\"elementor-column elementor-col-50 elementor-top-column elementor-element elementor-element-77f0967\" data-id=\"77f0967\" data-element_type=\"column\" data-e-type=\"column\">\n\t\t\t<div class=\"elementor-widget-wrap elementor-element-populated\">\n\t\t\t\t\t\t<section class=\"elementor-section elementor-inner-section elementor-element elementor-element-f9d76d3 elementor-section-boxed elementor-section-height-default elementor-section-height-default\" data-id=\"f9d76d3\" data-element_type=\"section\" data-e-type=\"section\">\n\t\t\t\t\t\t<div class=\"elementor-container elementor-column-gap-default\">\n\t\t\t\t\t<div class=\"elementor-column elementor-col-50 elementor-inner-column elementor-element elementor-element-941ea03\" data-id=\"941ea03\" data-element_type=\"column\" data-e-type=\"column\">\n\t\t\t<div class=\"elementor-widget-wrap elementor-element-populated\">\n\t\t\t\t\t\t<div class=\"elementor-element elementor-element-f06f6d3 elementor-widget elementor-widget-heading\" data-id=\"f06f6d3\" data-element_type=\"widget\" data-e-type=\"widget\" data-widget_type=\"heading.default\">\n\t\t\t\t<div class=\"elementor-widget-container\">\n\t\t\t\t\t<h1 class=\"elementor-heading-title elementor-size-default\">ESG Rating<\/h1>\t\t\t\t<\/div>\n\t\t\t\t<\/div>\n\t\t\t\t<div class=\"elementor-element elementor-element-1b941af elementor-widget__width-inherit elementor-widget-mobile__width-inherit elementor-widget elementor-widget-text-editor\" data-id=\"1b941af\" data-element_type=\"widget\" data-e-type=\"widget\" data-widget_type=\"text-editor.default\">\n\t\t\t\t<div class=\"elementor-widget-container\">\n\t\t\t\t\t\t\t\t\tThe sustainability of <strong>Z\u00fcst Ambrosetti S.p.A.<\/strong> is now certified in the <strong>ESG Report<\/strong> prepared by <strong>ALA<\/strong>, an NSA Group company that specializes in supporting companies in their growth paths through subsidized finance, environmental care and social responsibility.\n\nThe\u00a0<span style=\"font-weight: bolder;\">ESG Report<\/span>\u00a0is a key document for companies, attesting to their sustainability from an environmental perspective and in the areas of social relations and internal management. Hence the acronym\u00a0<span style=\"font-weight: bolder;\">ESG<\/span>, which stands for\u00a0<span style=\"font-weight: bolder;\">Environmental<\/span>,\u00a0<span style=\"font-weight: bolder;\">Social<\/span>\u00a0<span style=\"font-weight: bolder;\">&amp; Governance<\/span>.\t\t\t\t\t\t\t\t<\/div>\n\t\t\t\t<\/div>\n\t\t\t\t<div class=\"elementor-element elementor-element-2630fd9 elementor-widget__width-inherit elementor-widget-mobile__width-inherit elementor-widget elementor-widget-text-editor\" data-id=\"2630fd9\" data-element_type=\"widget\" data-e-type=\"widget\" data-widget_type=\"text-editor.default\">\n\t\t\t\t<div class=\"elementor-widget-container\">\n\t\t\t\t\t\t\t\t\tWith reference to the activities of <b>Z\u00fcst Ambrosetti S.p.A.<\/b> it has observed the following aspects:\n<ul>\n \t<li><strong>Environmental: <\/strong>the impact on the<strong>\u00a0environment<\/strong>, including <strong>waste<\/strong>\u00a0management and reduction, ecosystem conservation, <strong>energy<\/strong> efficiency choices and <strong>sustainable<\/strong> mobility<\/li>\n \t<li><strong>Social<\/strong>: the respect of <strong>ethical <\/strong><span class=\"ui-provider a b c d e f g h i j k l m n o p q r s t u v w x y z ab ac ae af ag ah ai aj ak\" dir=\"ltr\"><span class=\"ui-provider a b c d e f g h i j k l m n o p q r s t u v w x y z ab ac ae af ag ah ai aj ak\" dir=\"ltr\">aspects towards workers and consumers, with fulfillments in <strong>health<\/strong> and <strong>safety<\/strong> and <strong>corporate social<\/strong> \u00a0responsability<\/span><\/span><\/li>\n \t<li><strong style=\"background-color: transparent; color: var( --e-global-color-text );\">Governance<\/strong><span style=\"background-color: transparent; color: var( --e-global-color-text );\">: the degree of <\/span><b style=\"background-color: transparent; color: var( --e-global-color-text );\">transparency<\/b><span style=\"background-color: transparent; color: var( --e-global-color-text );\"> in trade management, accessibility of information and protection of sensitive data, attention to the\u00a0<\/span><strong style=\"background-color: transparent; color: var( --e-global-color-text );\">product\/service<\/strong><span style=\"background-color: transparent; color: var( --e-global-color-text );\">\u00a0value chain, as well as attention to<\/span><strong style=\"background-color: transparent; color: var( --e-global-color-text );\">\u00a0innovation<\/strong><\/li>\n<\/ul>\t\t\t\t\t\t\t\t<\/div>\n\t\t\t\t<\/div>\n\t\t\t\t<div class=\"elementor-element elementor-element-e66393b elementor-widget__width-inherit elementor-widget-mobile__width-inherit elementor-widget elementor-widget-text-editor\" data-id=\"e66393b\" data-element_type=\"widget\" data-e-type=\"widget\" data-widget_type=\"text-editor.default\">\n\t\t\t\t<div class=\"elementor-widget-container\">\n\t\t\t\t\t\t\t\t\tFind out <b>Z\u00fcst Ambrosetti S.p.A.<\/b> score and the score for each of the macro themes by viewing the full report:\t\t\t\t\t\t\t\t<\/div>\n\t\t\t\t<\/div>\n\t\t\t\t<div class=\"elementor-element elementor-element-b3d926e elementor-widget elementor-widget-button\" data-id=\"b3d926e\" data-element_type=\"widget\" data-e-type=\"widget\" data-widget_type=\"button.default\">\n\t\t\t\t<div class=\"elementor-widget-container\">\n\t\t\t\t\t\t\t\t\t<div class=\"elementor-button-wrapper\">\n\t\t\t\t\t<a class=\"elementor-button elementor-button-link elementor-size-sm\" href=\"https:\/\/zustambrosetti.com\/wp-content\/uploads\/2024\/07\/ZustAmbrosetti-RatingESG.pdf\" target=\"_blank\">\n\t\t\t\t\t\t<span class=\"elementor-button-content-wrapper\">\n\t\t\t\t\t\t\t\t\t<span class=\"elementor-button-text\">Rating ESG - Z\u00fcst Ambrosetti<\/span>\n\t\t\t\t\t<\/span>\n\t\t\t\t\t<\/a>\n\t\t\t\t<\/div>\n\t\t\t\t\t\t\t\t<\/div>\n\t\t\t\t<\/div>\n\t\t\t\t\t<\/div>\n\t\t<\/div>\n\t\t\t\t<div class=\"elementor-column elementor-col-50 elementor-inner-column elementor-element elementor-element-a6a191e elementor-hidden-tablet elementor-hidden-mobile\" data-id=\"a6a191e\" data-element_type=\"column\" data-e-type=\"column\">\n\t\t\t<div class=\"elementor-widget-wrap\">\n\t\t\t\t\t\t\t<\/div>\n\t\t<\/div>\n\t\t\t\t\t<\/div>\n\t\t<\/section>\n\t\t\t\t\t<\/div>\n\t\t<\/div>\n\t\t\t\t\t<\/div>\n\t\t<\/section>\n\t\t\t\t<\/div>","protected":false},"excerpt":{"rendered":"<p>Rating ESG La sostenibilit\u00e0 di Z\u00fcst Ambrosetti S.p.A. \u00e8 ora certificata nel Report ESG redatto da ALA, societ\u00e0 del Gruppo NSA specializzata nel supportare le imprese a intraprendere un percorso di crescita tramite la finanza agevolata, l\u2019attenzione all\u2019ambiente e la responsabilit\u00e0 sociale. Il\u00a0Report ESG\u00a0\u00e8 un documento fondamentale per le aziende, che attesta la sostenibilit\u00e0 delle [&hellip;]<\/p>\n","protected":false},"author":2,"featured_media":0,"parent":0,"menu_order":0,"comment_status":"closed","ping_status":"closed","template":"","meta":{"footnotes":""},"class_list":["post-3574","page","type-page","status-publish","hentry"],"yoast_head":"<!-- This site is optimized with the Yoast SEO plugin v27.4 - https:\/\/yoast.com\/product\/yoast-seo-wordpress\/ -->\n<title>Sostenibilit\u00e0 - Report ESG - Trasporti e Logistica Corriere Spedizioni - Z\u00fcst Ambrosetti<\/title>\n<meta name=\"robots\" content=\"index, follow, max-snippet:-1, max-image-preview:large, max-video-preview:-1\" \/>\n<link rel=\"canonical\" href=\"https:\/\/zustambrosetti.com\/en\/sostenibilita-report-esg\/\" \/>\n<meta property=\"og:locale\" content=\"en_GB\" \/>\n<meta property=\"og:type\" content=\"article\" \/>\n<meta property=\"og:title\" content=\"Sostenibilit\u00e0 - Report ESG - Trasporti e Logistica Corriere Spedizioni - Z\u00fcst Ambrosetti\" \/>\n<meta property=\"og:description\" content=\"Rating ESG La sostenibilit\u00e0 di Z\u00fcst Ambrosetti S.p.A. \u00e8 ora certificata nel Report ESG redatto da ALA, societ\u00e0 del Gruppo NSA specializzata nel supportare le imprese a intraprendere un percorso di crescita tramite la finanza agevolata, l\u2019attenzione all\u2019ambiente e la responsabilit\u00e0 sociale. Il\u00a0Report ESG\u00a0\u00e8 un documento fondamentale per le aziende, che attesta la sostenibilit\u00e0 delle [&hellip;]\" \/>\n<meta property=\"og:url\" content=\"https:\/\/zustambrosetti.com\/en\/sostenibilita-report-esg\/\" \/>\n<meta property=\"og:site_name\" content=\"Trasporti e Logistica Corriere Spedizioni - Z\u00fcst Ambrosetti\" \/>\n<meta property=\"article:modified_time\" content=\"2024-07-31T13:46:59+00:00\" \/>\n<meta property=\"og:image\" content=\"https:\/\/zustambrosetti.com\/wp-content\/uploads\/2024\/07\/ReportESG.jpg\" \/>\n<meta name=\"twitter:card\" content=\"summary_large_image\" \/>\n<script type=\"application\/ld+json\" class=\"yoast-schema-graph\">{\"@context\":\"https:\\\/\\\/schema.org\",\"@graph\":[{\"@type\":\"WebPage\",\"@id\":\"https:\\\/\\\/zustambrosetti.com\\\/sostenibilita-report-esg\\\/\",\"url\":\"https:\\\/\\\/zustambrosetti.com\\\/sostenibilita-report-esg\\\/\",\"name\":\"Sostenibilit\u00e0 - Report ESG - Trasporti e Logistica Corriere Spedizioni - Z\u00fcst Ambrosetti\",\"isPartOf\":{\"@id\":\"https:\\\/\\\/zustambrosetti.com\\\/#website\"},\"primaryImageOfPage\":{\"@id\":\"https:\\\/\\\/zustambrosetti.com\\\/sostenibilita-report-esg\\\/#primaryimage\"},\"image\":{\"@id\":\"https:\\\/\\\/zustambrosetti.com\\\/sostenibilita-report-esg\\\/#primaryimage\"},\"thumbnailUrl\":\"https:\\\/\\\/zustambrosetti.com\\\/wp-content\\\/uploads\\\/2024\\\/07\\\/ReportESG.jpg\",\"datePublished\":\"2024-07-31T08:07:38+00:00\",\"dateModified\":\"2024-07-31T13:46:59+00:00\",\"breadcrumb\":{\"@id\":\"https:\\\/\\\/zustambrosetti.com\\\/sostenibilita-report-esg\\\/#breadcrumb\"},\"inLanguage\":\"en-GB\",\"potentialAction\":[{\"@type\":\"ReadAction\",\"target\":[\"https:\\\/\\\/zustambrosetti.com\\\/sostenibilita-report-esg\\\/\"]}]},{\"@type\":\"ImageObject\",\"inLanguage\":\"en-GB\",\"@id\":\"https:\\\/\\\/zustambrosetti.com\\\/sostenibilita-report-esg\\\/#primaryimage\",\"url\":\"https:\\\/\\\/zustambrosetti.com\\\/wp-content\\\/uploads\\\/2024\\\/07\\\/ReportESG.jpg\",\"contentUrl\":\"https:\\\/\\\/zustambrosetti.com\\\/wp-content\\\/uploads\\\/2024\\\/07\\\/ReportESG.jpg\"},{\"@type\":\"BreadcrumbList\",\"@id\":\"https:\\\/\\\/zustambrosetti.com\\\/sostenibilita-report-esg\\\/#breadcrumb\",\"itemListElement\":[{\"@type\":\"ListItem\",\"position\":1,\"name\":\"Home\",\"item\":\"https:\\\/\\\/zustambrosetti.com\\\/\"},{\"@type\":\"ListItem\",\"position\":2,\"name\":\"Sostenibilit\u00e0 &#8211; Report ESG\"}]},{\"@type\":\"WebSite\",\"@id\":\"https:\\\/\\\/zustambrosetti.com\\\/#website\",\"url\":\"https:\\\/\\\/zustambrosetti.com\\\/\",\"name\":\"Trasporti e Logistica Corriere Spedizioni - Z\u00fcst Ambrosetti\",\"description\":\"Dal 1906 Z\u00fcst Ambrosetti leader nel trasporto internazionale\",\"publisher\":{\"@id\":\"https:\\\/\\\/zustambrosetti.com\\\/#organization\"},\"potentialAction\":[{\"@type\":\"SearchAction\",\"target\":{\"@type\":\"EntryPoint\",\"urlTemplate\":\"https:\\\/\\\/zustambrosetti.com\\\/?s={search_term_string}\"},\"query-input\":{\"@type\":\"PropertyValueSpecification\",\"valueRequired\":true,\"valueName\":\"search_term_string\"}}],\"inLanguage\":\"en-GB\"},{\"@type\":\"Organization\",\"@id\":\"https:\\\/\\\/zustambrosetti.com\\\/#organization\",\"name\":\"Tiesse Spa\",\"url\":\"https:\\\/\\\/zustambrosetti.com\\\/\",\"logo\":{\"@type\":\"ImageObject\",\"inLanguage\":\"en-GB\",\"@id\":\"https:\\\/\\\/zustambrosetti.com\\\/#\\\/schema\\\/logo\\\/image\\\/\",\"url\":\"https:\\\/\\\/zustambrosetti.com\\\/wp-content\\\/uploads\\\/2021\\\/07\\\/tiesse-spa-social.png\",\"contentUrl\":\"https:\\\/\\\/zustambrosetti.com\\\/wp-content\\\/uploads\\\/2021\\\/07\\\/tiesse-spa-social.png\",\"width\":1200,\"height\":630,\"caption\":\"Tiesse Spa\"},\"image\":{\"@id\":\"https:\\\/\\\/zustambrosetti.com\\\/#\\\/schema\\\/logo\\\/image\\\/\"}}]}<\/script>\n<!-- \/ Yoast SEO plugin. -->","yoast_head_json":{"title":"Sostenibilit\u00e0 - Report ESG - Trasporti e Logistica Corriere Spedizioni - Z\u00fcst Ambrosetti","robots":{"index":"index","follow":"follow","max-snippet":"max-snippet:-1","max-image-preview":"max-image-preview:large","max-video-preview":"max-video-preview:-1"},"canonical":"https:\/\/zustambrosetti.com\/en\/sostenibilita-report-esg\/","og_locale":"en_GB","og_type":"article","og_title":"Sostenibilit\u00e0 - Report ESG - Trasporti e Logistica Corriere Spedizioni - Z\u00fcst Ambrosetti","og_description":"Rating ESG La sostenibilit\u00e0 di Z\u00fcst Ambrosetti S.p.A. \u00e8 ora certificata nel Report ESG redatto da ALA, societ\u00e0 del Gruppo NSA specializzata nel supportare le imprese a intraprendere un percorso di crescita tramite la finanza agevolata, l\u2019attenzione all\u2019ambiente e la responsabilit\u00e0 sociale. Il\u00a0Report ESG\u00a0\u00e8 un documento fondamentale per le aziende, che attesta la sostenibilit\u00e0 delle [&hellip;]","og_url":"https:\/\/zustambrosetti.com\/en\/sostenibilita-report-esg\/","og_site_name":"Trasporti e Logistica Corriere Spedizioni - Z\u00fcst Ambrosetti","article_modified_time":"2024-07-31T13:46:59+00:00","og_image":[{"url":"https:\/\/zustambrosetti.com\/wp-content\/uploads\/2024\/07\/ReportESG.jpg","type":"","width":"","height":""}],"twitter_card":"summary_large_image","schema":{"@context":"https:\/\/schema.org","@graph":[{"@type":"WebPage","@id":"https:\/\/zustambrosetti.com\/sostenibilita-report-esg\/","url":"https:\/\/zustambrosetti.com\/sostenibilita-report-esg\/","name":"Sostenibilit\u00e0 - Report ESG - Trasporti e Logistica Corriere Spedizioni - Z\u00fcst Ambrosetti","isPartOf":{"@id":"https:\/\/zustambrosetti.com\/#website"},"primaryImageOfPage":{"@id":"https:\/\/zustambrosetti.com\/sostenibilita-report-esg\/#primaryimage"},"image":{"@id":"https:\/\/zustambrosetti.com\/sostenibilita-report-esg\/#primaryimage"},"thumbnailUrl":"https:\/\/zustambrosetti.com\/wp-content\/uploads\/2024\/07\/ReportESG.jpg","datePublished":"2024-07-31T08:07:38+00:00","dateModified":"2024-07-31T13:46:59+00:00","breadcrumb":{"@id":"https:\/\/zustambrosetti.com\/sostenibilita-report-esg\/#breadcrumb"},"inLanguage":"en-GB","potentialAction":[{"@type":"ReadAction","target":["https:\/\/zustambrosetti.com\/sostenibilita-report-esg\/"]}]},{"@type":"ImageObject","inLanguage":"en-GB","@id":"https:\/\/zustambrosetti.com\/sostenibilita-report-esg\/#primaryimage","url":"https:\/\/zustambrosetti.com\/wp-content\/uploads\/2024\/07\/ReportESG.jpg","contentUrl":"https:\/\/zustambrosetti.com\/wp-content\/uploads\/2024\/07\/ReportESG.jpg"},{"@type":"BreadcrumbList","@id":"https:\/\/zustambrosetti.com\/sostenibilita-report-esg\/#breadcrumb","itemListElement":[{"@type":"ListItem","position":1,"name":"Home","item":"https:\/\/zustambrosetti.com\/"},{"@type":"ListItem","position":2,"name":"Sostenibilit\u00e0 &#8211; Report ESG"}]},{"@type":"WebSite","@id":"https:\/\/zustambrosetti.com\/#website","url":"https:\/\/zustambrosetti.com\/","name":"Your shipments around the world - Z\u00fcst Ambrosetti","description":"Z\u00fcst Ambrosetti leader in international transport since 1906","publisher":{"@id":"https:\/\/zustambrosetti.com\/#organization"},"potentialAction":[{"@type":"SearchAction","target":{"@type":"EntryPoint","urlTemplate":"https:\/\/zustambrosetti.com\/?s={search_term_string}"},"query-input":{"@type":"PropertyValueSpecification","valueRequired":true,"valueName":"search_term_string"}}],"inLanguage":"en-GB"},{"@type":"Organization","@id":"https:\/\/zustambrosetti.com\/#organization","name":"Tiesse Spa","url":"https:\/\/zustambrosetti.com\/","logo":{"@type":"ImageObject","inLanguage":"en-GB","@id":"https:\/\/zustambrosetti.com\/#\/schema\/logo\/image\/","url":"https:\/\/zustambrosetti.com\/wp-content\/uploads\/2021\/07\/tiesse-spa-social.png","contentUrl":"https:\/\/zustambrosetti.com\/wp-content\/uploads\/2021\/07\/tiesse-spa-social.png","width":1200,"height":630,"caption":"Tiesse Spa"},"image":{"@id":"https:\/\/zustambrosetti.com\/#\/schema\/logo\/image\/"}}]}},"meta_box":[],"_links":{"self":[{"href":"https:\/\/zustambrosetti.com\/en\/wp-json\/wp\/v2\/pages\/3574","targetHints":{"allow":["GET"]}}],"collection":[{"href":"https:\/\/zustambrosetti.com\/en\/wp-json\/wp\/v2\/pages"}],"about":[{"href":"https:\/\/zustambrosetti.com\/en\/wp-json\/wp\/v2\/types\/page"}],"author":[{"embeddable":true,"href":"https:\/\/zustambrosetti.com\/en\/wp-json\/wp\/v2\/users\/2"}],"replies":[{"embeddable":true,"href":"https:\/\/zustambrosetti.com\/en\/wp-json\/wp\/v2\/comments?post=3574"}],"version-history":[{"count":76,"href":"https:\/\/zustambrosetti.com\/en\/wp-json\/wp\/v2\/pages\/3574\/revisions"}],"predecessor-version":[{"id":3654,"href":"https:\/\/zustambrosetti.com\/en\/wp-json\/wp\/v2\/pages\/3574\/revisions\/3654"}],"wp:attachment":[{"href":"https:\/\/zustambrosetti.com\/en\/wp-json\/wp\/v2\/media?parent=3574"}],"curies":[{"name":"wp","href":"https:\/\/api.w.org\/{rel}","templated":true}]}}